{"id":43,"date":"2025-04-30T10:43:42","date_gmt":"2025-04-30T08:43:42","guid":{"rendered":"https:\/\/cartodesluttes.fr\/?page_id=43"},"modified":"2025-06-19T19:04:27","modified_gmt":"2025-06-19T17:04:27","slug":"carte-vierge","status":"publish","type":"page","link":"https:\/\/cartodesluttes.fr\/index.php\/carte-vierge\/","title":{"rendered":"Carte vierge"},"content":{"rendered":"\n<p>Nous vous proposons ici une carte t\u00e9l\u00e9chargeable qui comprend uniquement les \u00e9l\u00e9ments graphiques ainsi que les strat\u00e9gies, tactiques et moyens d&rsquo;action. Elle peut \u00eatre utile, \u00e0 notre sens, pour cartographier un tissu militant local ou sp\u00e9cifique \u00e0 une th\u00e9matique de lutte (antinucl\u00e9aire par exemple). <\/p>\n\n\n\n<figure class=\"wp-block-image size-full\"><img decoding=\"async\" src=\"https:\/\/cartodesluttes.fr\/wp-content\/uploads\/2025\/05\/ContreLEmpire-sanscollectifs_site.png\" alt=\"\" class=\"wp-image-61\"\/><\/figure>\n\n\n\n<div class=\"wp-block-buttons alignfull is-content-justification-center is-layout-flex wp-container-core-buttons-is-layout-a89b3969 wp-block-buttons-is-layout-flex\">\n<div class=\"wp-block-button\"><a class=\"wp-block-button__link wp-element-button\">T\u00e9l\u00e9charger en PDF<\/a><\/div>\n<\/div>\n","protected":false},"excerpt":{"rendered":"<p>Nous vous proposons ici une carte t\u00e9l\u00e9chargeable qui comprend uniquement les \u00e9l\u00e9ments graphiques ainsi que les strat\u00e9gies, tactiques et moyens d&rsquo;action. Elle peut \u00eatre utile, \u00e0 notre sens, pour cartographier un tissu militant local ou sp\u00e9cifique \u00e0 une th\u00e9matique de lutte (antinucl\u00e9aire par exemple).<\/p>\n","protected":false},"author":1,"featured_media":0,"parent":0,"menu_order":0,"comment_status":"closed","ping_status":"closed","template":"","meta":{"footnotes":""},"class_list":["post-43","page","type-page","status-publish"],"_links":{"self":[{"href":"https:\/\/cartodesluttes.fr\/index.php\/wp-json\/wp\/v2\/page\/43","targetHints":{"allow":["GET"]}}],"collection":[{"href":"https:\/\/cartodesluttes.fr\/index.php\/wp-json\/wp\/v2\/page"}],"about":[{"href":"https:\/\/cartodesluttes.fr\/index.php\/wp-json\/wp\/v2\/types\/page"}],"author":[{"embeddable":true,"href":"https:\/\/cartodesluttes.fr\/index.php\/wp-json\/wp\/v2\/users\/1"}],"replies":[{"embeddable":true,"href":"https:\/\/cartodesluttes.fr\/index.php\/wp-json\/wp\/v2\/comments?post=43"}],"version-history":[{"count":6,"href":"https:\/\/cartodesluttes.fr\/index.php\/wp-json\/wp\/v2\/page\/43\/revisions"}],"predecessor-version":[{"id":108,"href":"https:\/\/cartodesluttes.fr\/index.php\/wp-json\/wp\/v2\/page\/43\/revisions\/108"}],"wp:attachment":[{"href":"https:\/\/cartodesluttes.fr\/index.php\/wp-json\/wp\/v2\/media?parent=43"}],"curies":[{"name":"wp","href":"https:\/\/api.w.org\/{rel}","templated":true}]}}