{"id":65,"date":"2025-05-02T12:19:10","date_gmt":"2025-05-02T10:19:10","guid":{"rendered":"https:\/\/cartodesluttes.fr\/?page_id=65"},"modified":"2025-06-19T19:04:36","modified_gmt":"2025-06-19T17:04:36","slug":"nous-contacter","status":"publish","type":"page","link":"https:\/\/cartodesluttes.fr\/index.php\/nous-contacter\/","title":{"rendered":"Nous contacter"},"content":{"rendered":"\n<div class=\"wp-block-columns is-layout-flex wp-container-core-columns-is-layout-28f84493 wp-block-columns-is-layout-flex\">\n<div class=\"wp-block-column is-layout-flow wp-block-column-is-layout-flow\">\n<p>Si vous souhaitez des informations sur notre carte, organiser une rencontre, vous procurer des exemplaires pour en distribuer dans votre organisation ou autour de vous, n&rsquo;h\u00e9sitez pas \u00e0 nous \u00e9crire, on verra comment on peut y r\u00e9pondre !<\/p>\n\n\n\n<figure class=\"wp-block-image size-large\"><img fetchpriority=\"high\" decoding=\"async\" width=\"724\" height=\"1024\" src=\"https:\/\/cartodesluttes.fr\/wp-content\/uploads\/2025\/05\/Illustrations-724x1024.jpg\" alt=\"\" class=\"wp-image-62\" srcset=\"https:\/\/cartodesluttes.fr\/wp-content\/uploads\/2025\/05\/Illustrations-724x1024.jpg 724w, https:\/\/cartodesluttes.fr\/wp-content\/uploads\/2025\/05\/Illustrations-212x300.jpg 212w, https:\/\/cartodesluttes.fr\/wp-content\/uploads\/2025\/05\/Illustrations-768x1086.jpg 768w, https:\/\/cartodesluttes.fr\/wp-content\/uploads\/2025\/05\/Illustrations-1086x1536.jpg 1086w, https:\/\/cartodesluttes.fr\/wp-content\/uploads\/2025\/05\/Illustrations-1448x2048.jpg 1448w, https:\/\/cartodesluttes.fr\/wp-content\/uploads\/2025\/05\/Illustrations-scaled.jpg 1810w\" sizes=\"(max-width: 724px) 100vw, 724px\" \/><\/figure>\n<\/div>\n\n\n\n<div class=\"wp-block-column is-layout-flow wp-block-column-is-layout-flow\">\n<div class=\"wp-block-contact-form-7-contact-form-selector\">\n<div class=\"wpcf7 no-js\" id=\"wpcf7-f46-o1\" lang=\"fr-FR\" dir=\"ltr\" data-wpcf7-id=\"46\">\n<div class=\"screen-reader-response\"><p role=\"status\" aria-live=\"polite\" aria-atomic=\"true\"><\/p> <ul><\/ul><\/div>\n<form action=\"\/index.php\/wp-json\/wp\/v2\/page\/65#wpcf7-f46-o1\" method=\"post\" class=\"wpcf7-form init\" aria-label=\"Formulaire de contact\" novalidate=\"novalidate\" data-status=\"init\">\n<div style=\"display: none;\">\n<input type=\"hidden\" name=\"_wpcf7\" value=\"46\" \/>\n<input type=\"hidden\" name=\"_wpcf7_version\" value=\"6.0.6\" \/>\n<input type=\"hidden\" name=\"_wpcf7_locale\" value=\"fr_FR\" \/>\n<input type=\"hidden\" name=\"_wpcf7_unit_tag\" value=\"wpcf7-f46-o1\" \/>\n<input type=\"hidden\" name=\"_wpcf7_container_post\" value=\"0\" \/>\n<input type=\"hidden\" name=\"_wpcf7_posted_data_hash\" value=\"\" \/>\n<\/div>\n<p><label> Votre nom<br \/>\n<span class=\"wpcf7-form-control-wrap\" data-name=\"your-name\"><input size=\"40\" maxlength=\"400\" class=\"wpcf7-form-control wpcf7-text wpcf7-validates-as-required\" autocomplete=\"name\" aria-required=\"true\" aria-invalid=\"false\" value=\"\" type=\"text\" name=\"your-name\" \/><\/span> <\/label>\n<\/p>\n<p><label> Votre e-mail<br \/>\n<span class=\"wpcf7-form-control-wrap\" data-name=\"your-email\"><input size=\"40\" maxlength=\"400\" class=\"wpcf7-form-control wpcf7-email wpcf7-validates-as-required wpcf7-text wpcf7-validates-as-email\" autocomplete=\"email\" aria-required=\"true\" aria-invalid=\"false\" value=\"\" type=\"email\" name=\"your-email\" \/><\/span> <\/label>\n<\/p>\n<p><label> Objet<br \/>\n<span class=\"wpcf7-form-control-wrap\" data-name=\"your-subject\"><input size=\"40\" maxlength=\"400\" class=\"wpcf7-form-control wpcf7-text wpcf7-validates-as-required\" aria-required=\"true\" aria-invalid=\"false\" value=\"\" type=\"text\" name=\"your-subject\" \/><\/span> <\/label>\n<\/p>\n<p><label> Votre message (facultatif)<br \/>\n<span class=\"wpcf7-form-control-wrap\" data-name=\"your-message\"><textarea cols=\"40\" rows=\"10\" maxlength=\"2000\" class=\"wpcf7-form-control wpcf7-textarea\" aria-invalid=\"false\" name=\"your-message\"><\/textarea><\/span> <\/label>\n<\/p>\n<p><input class=\"wpcf7-form-control wpcf7-submit has-spinner\" type=\"submit\" value=\"Envoyer\" \/>\n<\/p><div class=\"wpcf7-response-output\" aria-hidden=\"true\"><\/div>\n<\/form>\n<\/div>\n<\/div>\n<\/div>\n<\/div>\n\n\n\n<p><\/p>\n","protected":false},"excerpt":{"rendered":"<p>Si vous souhaitez des informations sur notre carte, organiser une rencontre, vous procurer des exemplaires pour en distribuer dans votre organisation ou autour de vous, n&rsquo;h\u00e9sitez pas \u00e0 nous \u00e9crire, on verra comment on peut y r\u00e9pondre !<\/p>\n","protected":false},"author":1,"featured_media":0,"parent":0,"menu_order":0,"comment_status":"closed","ping_status":"closed","template":"","meta":{"footnotes":""},"class_list":["post-65","page","type-page","status-publish"],"_links":{"self":[{"href":"https:\/\/cartodesluttes.fr\/index.php\/wp-json\/wp\/v2\/page\/65","targetHints":{"allow":["GET"]}}],"collection":[{"href":"https:\/\/cartodesluttes.fr\/index.php\/wp-json\/wp\/v2\/page"}],"about":[{"href":"https:\/\/cartodesluttes.fr\/index.php\/wp-json\/wp\/v2\/types\/page"}],"author":[{"embeddable":true,"href":"https:\/\/cartodesluttes.fr\/index.php\/wp-json\/wp\/v2\/users\/1"}],"replies":[{"embeddable":true,"href":"https:\/\/cartodesluttes.fr\/index.php\/wp-json\/wp\/v2\/comments?post=65"}],"version-history":[{"count":6,"href":"https:\/\/cartodesluttes.fr\/index.php\/wp-json\/wp\/v2\/page\/65\/revisions"}],"predecessor-version":[{"id":165,"href":"https:\/\/cartodesluttes.fr\/index.php\/wp-json\/wp\/v2\/page\/65\/revisions\/165"}],"wp:attachment":[{"href":"https:\/\/cartodesluttes.fr\/index.php\/wp-json\/wp\/v2\/media?parent=65"}],"curies":[{"name":"wp","href":"https:\/\/api.w.org\/{rel}","templated":true}]}}